{"id":68,"date":"2016-09-11T17:34:05","date_gmt":"2016-09-11T17:34:05","guid":{"rendered":"http:\/\/themenectar.com\/demo\/salient-photography\/?page_id=68"},"modified":"2026-04-03T15:35:16","modified_gmt":"2026-04-03T13:35:16","slug":"about","status":"publish","type":"page","link":"https:\/\/martina-gleissenebner-teskey.com\/en\/","title":{"rendered":"About"},"content":{"rendered":"<div id=\"fws_69ea2d75e702f\"  data-column-margin=\"default\" data-midnight=\"dark\" data-top-percent=\"10%\" data-bottom-percent=\"10%\"  class=\"wpb_row vc_row-fluid vc_row full-width-section vc_row-o-equal-height vc_row-flex vc_row-o-content-middle\"  style=\"padding-top: calc(100vw * 0.10); padding-bottom: calc(100vw * 0.10); \"><div class=\"row-bg-wrap\" data-bg-animation=\"none\" data-bg-animation-delay=\"\" data-bg-overlay=\"true\"><div class=\"inner-wrap row-bg-layer using-image\" ><div class=\"row-bg viewport-desktop using-image using-bg-color has-phone\"  style=\"background-color: #dd9933; \"><\/div><div class=\"row-bg viewport-phone using-image using-bg-color\"  style=\"background-image: url(https:\/\/martina-gleissenebner-teskey.com\/wp-content\/uploads\/2024\/11\/Martina-Gleissenebner-Teskey_Speaking_halb-scaled.jpeg); background-position: ; background-repeat: ; background-color: #dd9933; \"><\/div><\/div><div class=\"row-bg-overlay row-bg-layer\" style=\"background: #f2f2f2; background: linear-gradient(to bottom,#f2f2f2 0%,rgba(242,242,242,0.01) 100%);  opacity: 1; \"><\/div><\/div>\n\t\t\t<div class=\"video-color-overlay row-bg-layer\" data-color=\"rgba(221,153,51,0.78)\"><\/div>\n      \n\t\t\t<div class=\"nectar-video-wrap row-bg-layer\" data-bg-alignment=\"\">\n\t\t\t\t<div class=\"nectar-video-inner\">\n        <div class=\"nectar-youtube-bg\"><span>https:\/\/www.youtube.com\/watch?v=FBiFGyO356g<\/span><\/div>    \t\t<\/div>\n\t\t\t <\/div>\n\n\t\t\t<div class=\"row_col_wrap_12 col span_12 dark center\">\n\t<div  class=\"vc_col-sm-12 wpb_column column_container vc_column_container col no-extra-padding inherit_tablet inherit_phone\"  data-padding-pos=\"all\" data-has-bg-color=\"false\" data-bg-color=\"\" data-bg-opacity=\"1\" data-animation=\"\" data-delay=\"0\" >\n\t\t<div class=\"vc_column-inner\" >\n\t\t\t<div class=\"wpb_wrapper\">\n\t\t\t\t<div id=\"fws_69ea2d75e79de\" data-midnight=\"\" data-column-margin=\"default\" class=\"wpb_row vc_row-fluid vc_row inner_row\"  style=\"\"><div class=\"row-bg-wrap\"> <div class=\"row-bg\" ><\/div> <\/div><div class=\"row_col_wrap_12_inner col span_12  left\">\n\t<div  class=\"vc_col-sm-4 wpb_column column_container vc_column_container col child_column padding-3-percent inherit_tablet inherit_phone\"   data-padding-pos=\"all\" data-has-bg-color=\"false\" data-bg-color=\"\" data-bg-opacity=\"1\" data-animation=\"\" data-delay=\"0\" >\n\t\t<div class=\"vc_column-inner\" >\n\t\t<div class=\"wpb_wrapper\">\n\t\t\t<h2 style=\"color: #ffffff;text-align: left\" class=\"vc_custom_heading vc_custom_1740398872479\" >Years<\/h2><div class=\"nectar-milestone\" data-symbol=\"+\" data-symbol-alignment=\"superscript\" data-symbol-pos=\"before\" data-symbol-size=\"40\" data-animation-delay=\"\" data-ms-align=\"left\" > <div class=\"number accent-color\" data-number-size=\"92\"><h5><span>30<\/span><\/h5><\/div> <div class=\"subject\" style=\"padding: 2%;\"><\/div> <\/div>\n\t\t<\/div> \n\t<\/div>\n\t<\/div> \n\n\t<div  class=\"vc_col-sm-4 wpb_column column_container vc_column_container col child_column padding-3-percent inherit_tablet inherit_phone\"   data-padding-pos=\"all\" data-has-bg-color=\"false\" data-bg-color=\"\" data-bg-opacity=\"1\" data-animation=\"\" data-delay=\"0\" >\n\t\t<div class=\"vc_column-inner\" >\n\t\t<div class=\"wpb_wrapper\">\n\t\t\t<h2 style=\"color: #ffffff;text-align: left\" class=\"vc_custom_heading vc_custom_1740398892737\" >Continents<\/h2><div class=\"nectar-milestone\"  data-animation-delay=\"\" data-ms-align=\"left\" > <div class=\"number accent-color\" data-number-size=\"92\"><h5><span>6<\/span><\/h5><\/div> <div class=\"subject\" style=\"padding: 2%;\"><\/div> <\/div>\n\t\t<\/div> \n\t<\/div>\n\t<\/div> \n\n\t<div  class=\"vc_col-sm-4 wpb_column column_container vc_column_container col child_column padding-3-percent inherit_tablet inherit_phone\"   data-padding-pos=\"all\" data-has-bg-color=\"false\" data-bg-color=\"\" data-bg-opacity=\"1\" data-animation=\"\" data-delay=\"0\" >\n\t\t<div class=\"vc_column-inner\" >\n\t\t<div class=\"wpb_wrapper\">\n\t\t\t<h2 style=\"color: #ffffff;text-align: left\" class=\"vc_custom_heading vc_custom_1740398900315\" >Languages<\/h2><div class=\"nectar-milestone\"  data-animation-delay=\"\" data-ms-align=\"left\" > <div class=\"number accent-color\" data-number-size=\"92\"><h5><span>4<\/span><\/h5><\/div> <div class=\"subject\" style=\"padding: 2%;\"><\/div> <\/div>\n\t\t<\/div> \n\t<\/div>\n\t<\/div> \n<\/div><\/div>\n\t\t\t<\/div> \n\t\t<\/div>\n\t<\/div> \n<\/div><\/div>\n\t\t<div id=\"fws_69ea2d75e963c\"  data-column-margin=\"default\" data-midnight=\"dark\" data-top-percent=\"3%\"  class=\"wpb_row vc_row-fluid vc_row\"  style=\"padding-top: calc(100vw * 0.03); padding-bottom: 0px; \"><div class=\"row-bg-wrap\" data-bg-animation=\"none\" data-bg-animation-delay=\"\" data-bg-overlay=\"false\"><div class=\"inner-wrap row-bg-layer\" ><div class=\"row-bg viewport-desktop\"  style=\"\"><\/div><\/div><\/div><div class=\"row_col_wrap_12 col span_12 dark left\">\n\t<div  class=\"vc_col-sm-12 wpb_column column_container vc_column_container col no-extra-padding inherit_tablet inherit_phone\"  data-padding-pos=\"all\" data-has-bg-color=\"false\" data-bg-color=\"\" data-bg-opacity=\"1\" data-animation=\"\" data-delay=\"0\" >\n\t\t<div class=\"vc_column-inner\" >\n\t\t\t<div class=\"wpb_wrapper\">\n\t\t\t\t<h2 style=\"color: #6c1d1e;text-align: center\" class=\"vc_custom_heading\" >Martina Gleissenebner-Teskey<\/h2><h3 style=\"color: #6c1d1e;text-align: center\" class=\"vc_custom_heading\" >I co-create the FUTURE.<br \/>\nAs a trainer &amp; coach, speaker, author, community leader and campaigner.<\/h3>\n\t\t\t<\/div> \n\t\t<\/div>\n\t<\/div> \n<\/div><\/div>\n\t\t<div id=\"fws_69ea2d75ea164\"  data-column-margin=\"5px\" data-midnight=\"dark\" data-top-percent=\"3%\"  class=\"wpb_row vc_row-fluid vc_row full-width-content vc_row-o-equal-height vc_row-flex vc_row-o-content-top  right_padding_3pct left_padding_3pct\"  style=\"padding-top: calc(100vw * 0.03); padding-bottom: 0px; \"><div class=\"row-bg-wrap\" data-bg-animation=\"none\" data-bg-animation-delay=\"\" data-bg-overlay=\"false\"><div class=\"inner-wrap row-bg-layer\" ><div class=\"row-bg viewport-desktop using-bg-color\"  style=\"background-color: #ffffff; \"><\/div><\/div><\/div><div class=\"row_col_wrap_12 col span_12 dark left\">\n\t<div  class=\"vc_col-sm-4 wpb_column column_container vc_column_container col no-extra-padding inherit_tablet inherit_phone\"  data-padding-pos=\"all\" data-has-bg-color=\"false\" data-bg-color=\"\" data-bg-opacity=\"1\" data-animation=\"\" data-delay=\"0\" >\n\t\t<div class=\"vc_column-inner\" >\n\t\t\t<div class=\"wpb_wrapper\">\n\t\t\t\t\n<div class=\"wpb_text_column wpb_content_element  vc_custom_1763910603556\" >\n\t<div class=\"wpb_wrapper\">\n\t\t<h4><strong><em>Everything begins with a decision. The power of decision making is the greatest and most underestimated power available to us to shape our lives and thus make a meaningful contribution to this world by fully developing our potential.<\/em><\/strong><\/h4>\n<p style=\"text-align: right;\"><strong>Martina Gleissenebner-Teskey<\/strong><\/p>\n\t<\/div>\n<\/div>\n\n\n\n\n<div class=\"wpb_text_column wpb_content_element  vc_custom_1775208759008\" >\n\t<div class=\"wpb_wrapper\">\n\t\t<p>Martina Gleissenebner-Teskey studied communication sciences in combination with ecology and psychology and is a systemic coach. During her studies, she worked internationally as a model and as a representative of Austrian environmental NGOs.<\/p>\n<p class=\"translation-block\">In 1996, she launched the \"Charisma Concept\" for the development of personal charisma and thus started an international career as a trainer, coach and lecturer. <a href=\"https:\/\/www.amazon.de\/dp\/B0C1J2JDXV?ref_=cm_sw_r_cp_ud_dp_QHCZKA3AFHATAMQXF8BT\" target=\"_blank\" rel=\"noopener\">The book based on the concept was published in 2017 and was reissued in a revised and expanded version in 2023.<\/a> Gleissenebner-Teskey lived in Milan and Monte Carlo, where her daughter Lou-Anne was born.<\/p>\n<p class=\"translation-block\">For her 50th birthday, she applied to one of Germany's leading TV shows, <a href=\"https:\/\/www.prosieben.de\/serien\/germanys-next-topmodel-by-heidi-klum\/video\/staffel17\" target=\"_blank\" rel=\"noopener\">Germany\u2019s Next Tomodel by Heidi Klum<\/a>,  took part together with Lou-Anne, who won the season, and came third herself, becoming the first Best Ager in the finals of that show. When she returned to modeling, she soon realized that fashion is one of the most urgent fields for the development of sustainable concepts.<\/p>\n<p>With their ambitious project <a href=\"https:\/\/walk4future.com\" target=\"_blank\" rel=\"noopener\">WALK4FUTURE<\/a> she has come full circle, using her growing popularity as a model, speaker and activist to promote solutions for a sustainable future for fashion. Her latest coup: the launch of <strong><a href=\"https:\/\/brands4future.com\">brands4future.com<\/a><\/strong> - the platform for future-proof fashion brands.<\/p>\n\t<\/div>\n<\/div>\n\n\n\n\n\t\t\t<\/div> \n\t\t<\/div>\n\t<\/div> \n\n\t<div  class=\"vc_col-sm-4 wpb_column column_container vc_column_container col padding-2-percent inherit_tablet inherit_phone\"  data-padding-pos=\"left-right\" data-has-bg-color=\"false\" data-bg-color=\"\" data-bg-opacity=\"1\" data-animation=\"\" data-delay=\"0\" >\n\t\t<div class=\"vc_column-inner\" >\n\t\t\t<div class=\"wpb_wrapper\">\n\t\t\t\t<h3 style=\"color: #6c1d1e;text-align: left\" class=\"vc_custom_heading vc_custom_1740400238870\" >The Past<\/h3><div class=\"nectar-fancy-ul\" data-list-icon=\"fa fa-backward\" data-animation=\"false\" data-animation-delay=\"0\" data-color=\"extra-color-1\" data-spacing=\"default\" data-alignment=\"left\"> \n<ul>\n<li>Studied Communication Sciences in combination with Ecology &amp; Psychology at the University of Vienna, graduated in 1997<\/li>\n<li>Systemic Coaching<\/li>\n<li>From 1996: Trainer &amp; Coach in Soft Skills based on the \u201eCharisma Concept\"<\/li>\n<li>Intl. Brand Director within the Zepter International Group, 2002 \u2013 2011, of which 2002-2006 based in Monte Carlo<\/li>\n<li>Development of my trainer business in Italy, based in Milan, 1998-2001<\/li>\n<li>Moderation of national and international Sustainability Projects (Agenda 21), Representing Austrian NGOs at international Sustainability Conferences (1992 \u2013 1998)<\/li>\n<li>Intl. Model &amp; Mannequin and Modeltrainer (1990 \u2013 1993)<\/li>\n<\/ul>\n <\/div><div class=\"nectar-video-box\" data-color=\"accent-color\" data-mouse-style=\"default\" data-mouse-icon-color=\"\" data-play-button-size=\"default\" data-border-radius=\"none\" data-hover=\"default\" data-shadow=\"\"><div class=\"inner-wrap\"><a href=\"https:\/\/www.youtube.com\/watch?v=FBiFGyO356g\" class=\"full-link pp\"><\/a><img loading=\"lazy\" decoding=\"async\" width=\"1603\" height=\"900\" src=\"https:\/\/martina-gleissenebner-teskey.com\/wp-content\/uploads\/2023\/11\/Screenshot.jpg\" class=\"attachment-full size-full\" alt=\"\" srcset=\"https:\/\/martina-gleissenebner-teskey.com\/wp-content\/uploads\/2023\/11\/Screenshot.jpg 1603w, https:\/\/martina-gleissenebner-teskey.com\/wp-content\/uploads\/2023\/11\/Screenshot-300x168.jpg 300w, https:\/\/martina-gleissenebner-teskey.com\/wp-content\/uploads\/2023\/11\/Screenshot-768x431.jpg 768w, https:\/\/martina-gleissenebner-teskey.com\/wp-content\/uploads\/2023\/11\/Screenshot-1536x862.jpg 1536w\" sizes=\"auto, (max-width: 1603px) 100vw, 1603px\" \/><a href=\"https:\/\/www.youtube.com\/watch?v=FBiFGyO356g\"  data-style=\"default\" data-parent-hover=\"\" data-font-style=\"p\" data-color=\"default\" class=\"play_button_mouse_follow large nectar_video_lightbox pp\"><span><span class=\"screen-reader-text\">Play Video<\/span><span class=\"play\"><span class=\"inner-wrap inner\"><svg version=\"1.1\"\n\t xmlns=\"http:\/\/www.w3.org\/2000\/svg\" xmlns:xlink=\"http:\/\/www.w3.org\/1999\/xlink\" width=\"600px\" height=\"800px\" x=\"0px\" y=\"0px\" viewbox=\"0 0 600 800\" enable-background=\"new 0 0 600 800\" xml:space=\"preserve\"><path fill=\"none\" d=\"M0-1.79v800L600,395L0-1.79z\"><\/path> <\/svg><\/span><\/span><\/span><\/a><\/div><\/div>\n\t\t\t<\/div> \n\t\t<\/div>\n\t<\/div> \n\n\t<div  class=\"vc_col-sm-4 wpb_column column_container vc_column_container col padding-2-percent top_margin_phone_2pct inherit_tablet inherit_phone\"  data-padding-pos=\"left\" data-has-bg-color=\"false\" data-bg-color=\"\" data-bg-opacity=\"1\" data-animation=\"\" data-delay=\"0\" >\n\t\t<div class=\"vc_column-inner\" >\n\t\t\t<div class=\"wpb_wrapper\">\n\t\t\t\t<h3 style=\"color: #6c1d1e;text-align: left\" class=\"vc_custom_heading vc_custom_1740400232341\" >The Present<\/h3><div class=\"nectar-fancy-ul\" data-list-icon=\"fa fa-forward\" data-animation=\"false\" data-animation-delay=\"0\" data-color=\"extra-color-2\" data-spacing=\"default\" data-alignment=\"left\"> \n<ul>\n<li style=\"list-style-type: none;\">\n<ul>\n<li>Public person after participation in Germany's Next Topmodel by Heidi Klum<\/li>\n<li>Trainer &amp; Coach<\/li>\n<li><a href=\"https:\/\/martina-gleissenebner-teskey.com\/en\/speaker\/\" target=\"_blank\" rel=\"noopener\">Speaker<\/a><\/li>\n<li><a href=\"https:\/\/brands4future.com\">Brand expert &amp; campaigner for future-proof fashion brands<\/a><\/li>\n<li><a href=\"https:\/\/walk4future.com\" target=\"_blank\" rel=\"noopener\">Community builder for a sustainable future of fashion<\/a><\/li>\n<li><a href=\"https:\/\/www.marlou-portfolio.com\/\">Model<\/a><\/li>\n<li><a href=\"https:\/\/open.spotify.com\/show\/3IofJEfOrFLDutkeLoH2hR?si=2a9235d06cbd4de4&amp;nd=1\">Podcaster<\/a><\/li>\n<\/ul>\n<\/li>\n<\/ul>\n <\/div><h3 style=\"color: #6c1d1e;text-align: left\" class=\"vc_custom_heading vc_custom_1775223166716\" >What's coming<\/h3>\n<div class=\"wpb_text_column wpb_content_element\" >\n\t<div class=\"wpb_wrapper\">\n\t\t<p>1996 \u2013 2026 30 Years of Charisma Concept:<\/p>\n<ul>\n<li><strong>Anniversary Edition Book<\/strong><\/li>\n<li><strong>New podcast episodes<\/strong><\/li>\n<li><strong>Public Events\u00a0<\/strong><\/li>\n<\/ul>\n\t<\/div>\n<\/div>\n\n\n\n\n\t\t\t<\/div> \n\t\t<\/div>\n\t<\/div> \n<\/div><\/div>\n\t\t<div id=\"fws_69ea2d75ec00f\"  data-column-margin=\"default\" data-midnight=\"dark\"  class=\"wpb_row vc_row-fluid vc_row\"  style=\"padding-top: 0px; padding-bottom: 0px; \"><div class=\"row-bg-wrap\" data-bg-animation=\"none\" data-bg-animation-delay=\"\" data-bg-overlay=\"false\"><div class=\"inner-wrap row-bg-layer\" ><div class=\"row-bg viewport-desktop\"  style=\"\"><\/div><\/div><\/div><div class=\"row_col_wrap_12 col span_12 dark left\">\n\t<div  class=\"vc_col-sm-12 wpb_column column_container vc_column_container col no-extra-padding inherit_tablet inherit_phone\"  data-padding-pos=\"all\" data-has-bg-color=\"false\" data-bg-color=\"\" data-bg-opacity=\"1\" data-animation=\"\" data-delay=\"0\" >\n\t\t<div class=\"vc_column-inner\" >\n\t\t\t<div class=\"wpb_wrapper\">\n\t\t\t\t<div class=\"sharing-default-minimal\"><div class=\"nectar-social default\" data-position=\"left\" data-color-override=\"override\"><div class=\"nectar-social-inner\"><a class='facebook-share nectar-sharing' href='#' title='Share this'>  <i class='fa fa-facebook'><\/i> <span class='social-text'>Share<\/span> <\/a><a class='twitter-share nectar-sharing' href='#' title='Tweet this'> <i class='fa fa-twitter'><\/i> <span class='social-text'>Tweet<\/span> <\/a><a class='linkedin-share nectar-sharing' href='#' title='Share this'> <i class='fa fa-linkedin'><\/i> <span class='social-text'>Share<\/span> <\/a><a class='pinterest-share nectar-sharing' href='#' title='Pin this'> <i class='fa fa-pinterest'><\/i> <span class='social-text'>Pin<\/span> <\/a><\/div><\/div><\/div>\n\t\t\t<\/div> \n\t\t<\/div>\n\t<\/div> \n<\/div><\/div>","protected":false},"excerpt":{"rendered":"Years 30 Continents 6 Languages 4 Martina Gleissenebner-Teskey I am a designer of a FUTURE. As a trainer &amp; coach, speaker, author, community leader and campaign manager. Everything begins with a decision. The power...","protected":false},"author":1,"featured_media":8479,"parent":0,"menu_order":0,"comment_status":"closed","ping_status":"closed","template":"","meta":{"footnotes":""},"class_list":["post-68","page","type-page","status-publish","has-post-thumbnail"],"yoast_head":"<!-- This site is optimized with the Yoast SEO Premium plugin v26.7 (Yoast SEO v27.4) - https:\/\/yoast.com\/product\/yoast-seo-premium-wordpress\/ -->\n<title>About - Martina Gleissenebner-Teskey<\/title>\n<meta name=\"description\" content=\"Martina Gleissenebner-Teskey, Vortragende, Autorin, Coach, Role-Model f\u00fcr ein Leben nach eigenen Ma\u00dfst\u00e4ben\" \/>\n<meta name=\"robots\" content=\"index, follow, max-snippet:-1, max-image-preview:large, max-video-preview:-1\" \/>\n<link rel=\"canonical\" href=\"https:\/\/martina-gleissenebner-teskey.com\/en\/\" \/>\n<meta property=\"og:locale\" content=\"en_US\" \/>\n<meta property=\"og:type\" content=\"article\" \/>\n<meta property=\"og:title\" content=\"About\" \/>\n<meta property=\"og:description\" content=\"Martina Gleissenebner-Teskey, Vortragende, Autorin, Coach, Role-Model f\u00fcr ein Leben nach eigenen Ma\u00dfst\u00e4ben\" \/>\n<meta property=\"og:url\" content=\"https:\/\/martina-gleissenebner-teskey.com\/en\/\" \/>\n<meta property=\"og:site_name\" content=\"Martina Gleissenebner-Teskey\" \/>\n<meta property=\"article:publisher\" content=\"https:\/\/www.facebook.com\/martina.gleissenebnerteskey.training\/\" \/>\n<meta property=\"article:modified_time\" content=\"2026-04-03T13:35:16+00:00\" \/>\n<meta property=\"og:image\" content=\"https:\/\/martina-gleissenebner-teskey.com\/wp-content\/uploads\/2022\/08\/Martina-Gleissenebner-Teskey-\u2013-Model-Author-Speaker-Coach-1.jpg\" \/>\n\t<meta property=\"og:image:width\" content=\"2478\" \/>\n\t<meta property=\"og:image:height\" content=\"1586\" \/>\n\t<meta property=\"og:image:type\" content=\"image\/jpeg\" \/>\n<meta name=\"twitter:card\" content=\"summary_large_image\" \/>\n<meta name=\"twitter:label1\" content=\"Est. reading time\" \/>\n\t<meta name=\"twitter:data1\" content=\"6 minutes\" \/>\n<script type=\"application\/ld+json\" class=\"yoast-schema-graph\">{\"@context\":\"https:\\\/\\\/schema.org\",\"@graph\":[{\"@type\":\"WebPage\",\"@id\":\"https:\\\/\\\/martina-gleissenebner-teskey.com\\\/\",\"url\":\"https:\\\/\\\/martina-gleissenebner-teskey.com\\\/\",\"name\":\"About - Martina Gleissenebner-Teskey\",\"isPartOf\":{\"@id\":\"https:\\\/\\\/martina-gleissenebner-teskey.com\\\/#website\"},\"primaryImageOfPage\":{\"@id\":\"https:\\\/\\\/martina-gleissenebner-teskey.com\\\/#primaryimage\"},\"image\":{\"@id\":\"https:\\\/\\\/martina-gleissenebner-teskey.com\\\/#primaryimage\"},\"thumbnailUrl\":\"https:\\\/\\\/martina-gleissenebner-teskey.com\\\/wp-content\\\/uploads\\\/2022\\\/08\\\/Martina-Gleissenebner-Teskey-\u2013-Model-Author-Speaker-Coach-1.jpg\",\"datePublished\":\"2016-09-11T17:34:05+00:00\",\"dateModified\":\"2026-04-03T13:35:16+00:00\",\"description\":\"Martina Gleissenebner-Teskey, Vortragende, Autorin, Coach, Role-Model f\u00fcr ein Leben nach eigenen Ma\u00dfst\u00e4ben\",\"breadcrumb\":{\"@id\":\"https:\\\/\\\/martina-gleissenebner-teskey.com\\\/#breadcrumb\"},\"inLanguage\":\"en-US\",\"potentialAction\":[{\"@type\":\"ReadAction\",\"target\":[\"https:\\\/\\\/martina-gleissenebner-teskey.com\\\/\"]}]},{\"@type\":\"ImageObject\",\"inLanguage\":\"en-US\",\"@id\":\"https:\\\/\\\/martina-gleissenebner-teskey.com\\\/#primaryimage\",\"url\":\"https:\\\/\\\/martina-gleissenebner-teskey.com\\\/wp-content\\\/uploads\\\/2022\\\/08\\\/Martina-Gleissenebner-Teskey-\u2013-Model-Author-Speaker-Coach-1.jpg\",\"contentUrl\":\"https:\\\/\\\/martina-gleissenebner-teskey.com\\\/wp-content\\\/uploads\\\/2022\\\/08\\\/Martina-Gleissenebner-Teskey-\u2013-Model-Author-Speaker-Coach-1.jpg\",\"width\":2478,\"height\":1586},{\"@type\":\"BreadcrumbList\",\"@id\":\"https:\\\/\\\/martina-gleissenebner-teskey.com\\\/#breadcrumb\",\"itemListElement\":[{\"@type\":\"ListItem\",\"position\":1,\"name\":\"Startseite\",\"item\":\"https:\\\/\\\/martina-gleissenebner-teskey.com\\\/\"},{\"@type\":\"ListItem\",\"position\":2,\"name\":\"About\"}]},{\"@type\":\"WebSite\",\"@id\":\"https:\\\/\\\/martina-gleissenebner-teskey.com\\\/#website\",\"url\":\"https:\\\/\\\/martina-gleissenebner-teskey.com\\\/\",\"name\":\"Martina Gleissenebner-Teskey\",\"description\":\"The Personality Entrepreneur\",\"potentialAction\":[{\"@type\":\"SearchAction\",\"target\":{\"@type\":\"EntryPoint\",\"urlTemplate\":\"https:\\\/\\\/martina-gleissenebner-teskey.com\\\/?s={search_term_string}\"},\"query-input\":{\"@type\":\"PropertyValueSpecification\",\"valueRequired\":true,\"valueName\":\"search_term_string\"}}],\"inLanguage\":\"en-US\"}]}<\/script>\n<!-- \/ Yoast SEO Premium plugin. -->","yoast_head_json":{"title":"About - Martina Gleissenebner-Teskey","description":"Martina Gleissenebner-Teskey, speaker, author, coach, role model for a life according to your own standards","robots":{"index":"index","follow":"follow","max-snippet":"max-snippet:-1","max-image-preview":"max-image-preview:large","max-video-preview":"max-video-preview:-1"},"canonical":"https:\/\/martina-gleissenebner-teskey.com\/en\/","og_locale":"en_US","og_type":"article","og_title":"About","og_description":"Martina Gleissenebner-Teskey, Vortragende, Autorin, Coach, Role-Model f\u00fcr ein Leben nach eigenen Ma\u00dfst\u00e4ben","og_url":"https:\/\/martina-gleissenebner-teskey.com\/en\/","og_site_name":"Martina Gleissenebner-Teskey","article_publisher":"https:\/\/www.facebook.com\/martina.gleissenebnerteskey.training\/","article_modified_time":"2026-04-03T13:35:16+00:00","og_image":[{"width":2478,"height":1586,"url":"https:\/\/martina-gleissenebner-teskey.com\/wp-content\/uploads\/2022\/08\/Martina-Gleissenebner-Teskey-\u2013-Model-Author-Speaker-Coach-1.jpg","type":"image\/jpeg"}],"twitter_card":"summary_large_image","twitter_misc":{"Est. reading time":"6 minutes"},"schema":{"@context":"https:\/\/schema.org","@graph":[{"@type":"WebPage","@id":"https:\/\/martina-gleissenebner-teskey.com\/","url":"https:\/\/martina-gleissenebner-teskey.com\/","name":"About - Martina Gleissenebner-Teskey","isPartOf":{"@id":"https:\/\/martina-gleissenebner-teskey.com\/#website"},"primaryImageOfPage":{"@id":"https:\/\/martina-gleissenebner-teskey.com\/#primaryimage"},"image":{"@id":"https:\/\/martina-gleissenebner-teskey.com\/#primaryimage"},"thumbnailUrl":"https:\/\/martina-gleissenebner-teskey.com\/wp-content\/uploads\/2022\/08\/Martina-Gleissenebner-Teskey-\u2013-Model-Author-Speaker-Coach-1.jpg","datePublished":"2016-09-11T17:34:05+00:00","dateModified":"2026-04-03T13:35:16+00:00","description":"Martina Gleissenebner-Teskey, speaker, author, coach, role model for a life according to your own standards","breadcrumb":{"@id":"https:\/\/martina-gleissenebner-teskey.com\/#breadcrumb"},"inLanguage":"en-US","potentialAction":[{"@type":"ReadAction","target":["https:\/\/martina-gleissenebner-teskey.com\/"]}]},{"@type":"ImageObject","inLanguage":"en-US","@id":"https:\/\/martina-gleissenebner-teskey.com\/#primaryimage","url":"https:\/\/martina-gleissenebner-teskey.com\/wp-content\/uploads\/2022\/08\/Martina-Gleissenebner-Teskey-\u2013-Model-Author-Speaker-Coach-1.jpg","contentUrl":"https:\/\/martina-gleissenebner-teskey.com\/wp-content\/uploads\/2022\/08\/Martina-Gleissenebner-Teskey-\u2013-Model-Author-Speaker-Coach-1.jpg","width":2478,"height":1586},{"@type":"BreadcrumbList","@id":"https:\/\/martina-gleissenebner-teskey.com\/#breadcrumb","itemListElement":[{"@type":"ListItem","position":1,"name":"Startseite","item":"https:\/\/martina-gleissenebner-teskey.com\/"},{"@type":"ListItem","position":2,"name":"About"}]},{"@type":"WebSite","@id":"https:\/\/martina-gleissenebner-teskey.com\/#website","url":"https:\/\/martina-gleissenebner-teskey.com\/","name":"Martina Gleissenebner-Teskey","description":"The Personality Entrepreneur","potentialAction":[{"@type":"SearchAction","target":{"@type":"EntryPoint","urlTemplate":"https:\/\/martina-gleissenebner-teskey.com\/?s={search_term_string}"},"query-input":{"@type":"PropertyValueSpecification","valueRequired":true,"valueName":"search_term_string"}}],"inLanguage":"en-US"}]}},"_links":{"self":[{"href":"https:\/\/martina-gleissenebner-teskey.com\/en\/wp-json\/wp\/v2\/pages\/68","targetHints":{"allow":["GET"]}}],"collection":[{"href":"https:\/\/martina-gleissenebner-teskey.com\/en\/wp-json\/wp\/v2\/pages"}],"about":[{"href":"https:\/\/martina-gleissenebner-teskey.com\/en\/wp-json\/wp\/v2\/types\/page"}],"author":[{"embeddable":true,"href":"https:\/\/martina-gleissenebner-teskey.com\/en\/wp-json\/wp\/v2\/users\/1"}],"replies":[{"embeddable":true,"href":"https:\/\/martina-gleissenebner-teskey.com\/en\/wp-json\/wp\/v2\/comments?post=68"}],"version-history":[{"count":53,"href":"https:\/\/martina-gleissenebner-teskey.com\/en\/wp-json\/wp\/v2\/pages\/68\/revisions"}],"predecessor-version":[{"id":9881,"href":"https:\/\/martina-gleissenebner-teskey.com\/en\/wp-json\/wp\/v2\/pages\/68\/revisions\/9881"}],"wp:featuredmedia":[{"embeddable":true,"href":"https:\/\/martina-gleissenebner-teskey.com\/en\/wp-json\/wp\/v2\/media\/8479"}],"wp:attachment":[{"href":"https:\/\/martina-gleissenebner-teskey.com\/en\/wp-json\/wp\/v2\/media?parent=68"}],"curies":[{"name":"wp","href":"https:\/\/api.w.org\/{rel}","templated":true}]}}